{"id":2894,"date":"2022-02-02T16:27:50","date_gmt":"2022-02-02T15:27:50","guid":{"rendered":"https:\/\/www.senzo.de\/?page_id=2894"},"modified":"2025-11-27T17:36:48","modified_gmt":"2025-11-27T16:36:48","slug":"glutenfreie-pizza-welt","status":"publish","type":"page","link":"https:\/\/www.senzo.de\/?page_id=2894","title":{"rendered":"Glutenfreie Pizza bei Senzo"},"content":{"rendered":"<div id=\"pl-2894\"  class=\"panel-layout\" ><div id=\"pg-2894-0\"  class=\"panel-grid panel-no-style\" ><div id=\"pgc-2894-0-0\"  class=\"panel-grid-cell\" ><div id=\"panel-2894-0-0-0\" class=\"so-panel widget widget_sow-editor panel-first-child panel-last-child\" data-index=\"0\" ><div class=\"panel-widget-style panel-widget-style-for-2894-0-0-0\" ><div\n\t\t\t\n\t\t\tclass=\"so-widget-sow-editor so-widget-sow-editor-base\"\n\t\t\t\n\t\t>\n<div class=\"siteorigin-widget-tinymce textwidget\">\n\t<h1><span style=\"color: #bf0033;\">Gluten Free<\/span> Pizza<br \/>\n<span style=\"font-size: 20pt;\"><span style=\"color: #bf0033;\">Donnerstags &amp; Freitags<br \/>\n<\/span><strong>11.00<\/strong> bis <strong>14.00<\/strong>* Uhr<\/span><\/h1>\n<p>F\u00fcr die Pizza ben\u00f6tigt man keine Bestellung oder Anmeldung, einfach Donnerstag oder Freitag ab<strong> 11 Uhr<\/strong> vorbei kommen und Pizza essen. Die Zubereitungszeit betr\u00e4gt rund <strong>15 Minuten<\/strong>.<\/p>\n<h4>5-Minuten-Pizza<\/h4>\n<p><span style=\"font-size: 12pt;\">Es ist m\u00f6glich, die Pizza nur <strong>vorgebacken<\/strong> mitzunehmen*. Zu Hause den Backofen auf mind. 200 Grad vorheizen und die 5-Minuten-Pizza dann f\u00fcr 3-4 Minuten zu Ende backen.<\/span><\/p>\n<p><em style=\"font-size: 10pt; font-family: inherit;\">*\u00a0 bei Pizza Salmone und Pizza Serrano nicht m\u00f6glich, wesentliche Zutaten erst nach dem Backen auf die Pizza kommen.<\/em><\/p>\n<\/div>\n<\/div><\/div><\/div><\/div><div id=\"pgc-2894-0-1\"  class=\"panel-grid-cell\" ><div id=\"panel-2894-0-1-0\" class=\"so-panel widget widget_sow-image panel-first-child panel-last-child\" data-index=\"1\" ><div\n\t\t\t\n\t\t\tclass=\"so-widget-sow-image so-widget-sow-image-default-8b5b6f678277-2894\"\n\t\t\t\n\t\t>\n<div class=\"sow-image-container\">\n\t\t<img \n\tsrc=\"https:\/\/www.senzo.de\/wp-content\/uploads\/2025\/04\/hellas_2025.png\" width=\"917\" height=\"917\" srcset=\"https:\/\/www.senzo.de\/wp-content\/uploads\/2025\/04\/hellas_2025.png 917w, https:\/\/www.senzo.de\/wp-content\/uploads\/2025\/04\/hellas_2025-300x300.png 300w, https:\/\/www.senzo.de\/wp-content\/uploads\/2025\/04\/hellas_2025-150x150.png 150w, https:\/\/www.senzo.de\/wp-content\/uploads\/2025\/04\/hellas_2025-768x768.png 768w\" sizes=\"(max-width: 917px) 100vw, 917px\" alt=\"\" \t\tclass=\"so-widget-image\"\/>\n\t<\/div>\n\n<\/div><\/div><\/div><\/div><div id=\"pg-2894-1\"  class=\"panel-grid panel-no-style\" ><div id=\"pgc-2894-1-0\"  class=\"panel-grid-cell\" ><div id=\"panel-2894-1-0-0\" class=\"so-panel widget widget_sow-image panel-first-child panel-last-child\" data-index=\"2\" ><div\n\t\t\t\n\t\t\tclass=\"so-widget-sow-image so-widget-sow-image-default-8b5b6f678277-2894\"\n\t\t\t\n\t\t>\n<div class=\"sow-image-container\">\n\t\t<img \n\tsrc=\"https:\/\/www.senzo.de\/wp-content\/uploads\/2025\/04\/serrano_2025-e1744213160584.png\" width=\"713\" height=\"713\" srcset=\"https:\/\/www.senzo.de\/wp-content\/uploads\/2025\/04\/serrano_2025-e1744213160584.png 713w, https:\/\/www.senzo.de\/wp-content\/uploads\/2025\/04\/serrano_2025-e1744213160584-300x300.png 300w, https:\/\/www.senzo.de\/wp-content\/uploads\/2025\/04\/serrano_2025-e1744213160584-150x150.png 150w\" sizes=\"(max-width: 713px) 100vw, 713px\" title=\"serrano_2025\" alt=\"\" \t\tclass=\"so-widget-image\"\/>\n\t<\/div>\n\n<\/div><\/div><\/div><div id=\"pgc-2894-1-1\"  class=\"panel-grid-cell\" ><div id=\"panel-2894-1-1-0\" class=\"so-panel widget widget_sow-editor panel-first-child panel-last-child\" data-index=\"3\" ><div class=\"panel-widget-style panel-widget-style-for-2894-1-1-0\" ><div\n\t\t\t\n\t\t\tclass=\"so-widget-sow-editor so-widget-sow-editor-base\"\n\t\t\t\n\t\t>\n<div class=\"siteorigin-widget-tinymce textwidget\">\n\t<h4>3 Standard-Pizzas sind immer im Angebot:<\/h4>\n<ul>\n<li><strong>Pizza Margarita<\/strong> - der Klassiker mit Tomatensauce und K\u00e4se<\/li>\n<li><strong>Pizza Salami <\/strong>- mit Tomatensauce, Salami und K\u00e4se<\/li>\n<li><strong>Pizza Verdure<\/strong> - mit Tomatensauce, Gem\u00fcse (Tomaten, Champignons, Paprika) und K\u00e4se<\/li>\n<\/ul>\n<p>Au\u00dferdem gibt es jede Woche noch eine <strong>Pizza der Woche<\/strong>. Welche das ist, legen wir meist erst sehr kurzfristig fest. Also lasst euch <strong>\u00fcberraschen!<\/strong><\/p>\n<\/div>\n<\/div><\/div><\/div><\/div><\/div><div id=\"pg-2894-2\"  class=\"panel-grid panel-no-style\" ><div id=\"pgc-2894-2-0\"  class=\"panel-grid-cell\" ><div id=\"panel-2894-2-0-0\" class=\"so-panel widget widget_sow-editor panel-first-child panel-last-child\" data-index=\"4\" ><div class=\"panel-widget-style panel-widget-style-for-2894-2-0-0\" ><div\n\t\t\t\n\t\t\tclass=\"so-widget-sow-editor so-widget-sow-editor-base\"\n\t\t\t\n\t\t>\n<div class=\"siteorigin-widget-tinymce textwidget\">\n\t<h4>W\u00f6chentlich wechselnde Varianten<\/h4>\n<ul>\n<li><strong>Pizza Hawaii<\/strong> - mit gutem Kochschinken, Ananas und K\u00e4se auf Tomatensauce<\/li>\n<li><strong>Pizza Salmone<\/strong> - Tomaten, rote Zwiebeln und etwas K\u00e4se auf Tomatenso\u00dfe gebacken, danach mit ger\u00e4uchertem Lachs belegt und einem selbst hergestellten Dill-Dressing<\/li>\n<li><strong>Pizza Hellas<\/strong> - eine vegetarische Pizza mit Hirtenk\u00e4se, Oliven, roten Zwiebeln und fein gehackten Peperoni<\/li>\n<li><strong>Pizza Tonno<\/strong> - mit Thunfisch und Zwiebeln<\/li>\n<li><strong>Pizza Serrano<\/strong> - Tomaten, rote Zwiebeln und etwas K\u00e4se auf Tomatenso\u00dfe gebacken, danach mit edlem Serrano-Schinken, Gran Padano und Rucola belegt<\/li>\n<li><strong>Pizza Mississippi<\/strong> (nur gelegentlich) - Gebratenes Rinderhack mit Zwiebeln, einer amerikanischen Barbecuesauce und mit K\u00e4se \u00fcberbacken<\/li>\n<\/ul>\n<\/div>\n<\/div><\/div><\/div><\/div><div id=\"pgc-2894-2-1\"  class=\"panel-grid-cell\" ><div id=\"panel-2894-2-1-0\" class=\"so-panel widget widget_sow-image panel-first-child panel-last-child\" data-index=\"5\" ><div\n\t\t\t\n\t\t\tclass=\"so-widget-sow-image so-widget-sow-image-default-8b5b6f678277-2894\"\n\t\t\t\n\t\t>\n<div class=\"sow-image-container\">\n\t\t<img \n\tsrc=\"https:\/\/www.senzo.de\/wp-content\/uploads\/2025\/04\/lachs_2025.png\" width=\"1000\" height=\"1000\" srcset=\"https:\/\/www.senzo.de\/wp-content\/uploads\/2025\/04\/lachs_2025.png 1000w, https:\/\/www.senzo.de\/wp-content\/uploads\/2025\/04\/lachs_2025-300x300.png 300w, https:\/\/www.senzo.de\/wp-content\/uploads\/2025\/04\/lachs_2025-150x150.png 150w, https:\/\/www.senzo.de\/wp-content\/uploads\/2025\/04\/lachs_2025-768x768.png 768w\" sizes=\"(max-width: 1000px) 100vw, 1000px\" alt=\"\" \t\tclass=\"so-widget-image\"\/>\n\t<\/div>\n\n<\/div><\/div><\/div><\/div><\/div>","protected":false},"excerpt":{"rendered":"<p>Gluten Free Pizza Donnerstags &amp; Freitags 11.00 bis 14.00* Uhr F\u00fcr die Pizza ben\u00f6tigt man keine Bestellung oder Anmeldung, einfach Donnerstag oder Freitag ab 11&hellip;<\/p>\n","protected":false},"author":1,"featured_media":0,"parent":0,"menu_order":0,"comment_status":"closed","ping_status":"closed","template":"","meta":{"footnotes":""},"class_list":["post-2894","page","type-page","status-publish","hentry"],"_links":{"self":[{"href":"https:\/\/www.senzo.de\/index.php?rest_route=\/wp\/v2\/pages\/2894","targetHints":{"allow":["GET"]}}],"collection":[{"href":"https:\/\/www.senzo.de\/index.php?rest_route=\/wp\/v2\/pages"}],"about":[{"href":"https:\/\/www.senzo.de\/index.php?rest_route=\/wp\/v2\/types\/page"}],"author":[{"embeddable":true,"href":"https:\/\/www.senzo.de\/index.php?rest_route=\/wp\/v2\/users\/1"}],"replies":[{"embeddable":true,"href":"https:\/\/www.senzo.de\/index.php?rest_route=%2Fwp%2Fv2%2Fcomments&post=2894"}],"version-history":[{"count":54,"href":"https:\/\/www.senzo.de\/index.php?rest_route=\/wp\/v2\/pages\/2894\/revisions"}],"predecessor-version":[{"id":5981,"href":"https:\/\/www.senzo.de\/index.php?rest_route=\/wp\/v2\/pages\/2894\/revisions\/5981"}],"wp:attachment":[{"href":"https:\/\/www.senzo.de\/index.php?rest_route=%2Fwp%2Fv2%2Fmedia&parent=2894"}],"curies":[{"name":"wp","href":"https:\/\/api.w.org\/{rel}","templated":true}]}}