{"id":3896,"date":"2023-04-02T17:30:42","date_gmt":"2023-04-02T15:30:42","guid":{"rendered":"https:\/\/www.senzo.de\/?page_id=3896"},"modified":"2025-11-27T17:38:30","modified_gmt":"2025-11-27T16:38:30","slug":"genussschein-2","status":"publish","type":"page","link":"https:\/\/www.senzo.de\/?page_id=3896","title":{"rendered":"Genussschein"},"content":{"rendered":"<div id=\"pl-3896\"  class=\"panel-layout\" ><div id=\"pg-3896-0\"  class=\"panel-grid panel-no-style\" ><div id=\"pgc-3896-0-0\"  class=\"panel-grid-cell\" ><div id=\"panel-3896-0-0-0\" class=\"so-panel widget widget_sow-editor panel-first-child panel-last-child\" data-index=\"0\" ><div\n\t\t\t\n\t\t\tclass=\"so-widget-sow-editor so-widget-sow-editor-base\"\n\t\t\t\n\t\t>\n<div class=\"siteorigin-widget-tinymce textwidget\">\n\t<h1>Was ist ein Genussschein?<\/h1>\n<p>Ein Genussschein ist eine Investition in eine Firma oder ein Unternehmen - \u00e4hnlich einer Aktie. Als \"Zins\" f\u00fcr die Einlage gibt es beim Genussschein aber kein Geld, sondern ein Genuss-Recht in Form von Naturalien, also Waren. Jeder Genusschein hat einen nominalen Wert, den er \u00fcber die gesamte Laufzeit beh\u00e4lt. Bei SENZO betr\u00e4gt der Nominalwert jedes Genussscheins 100 Euro, wobei die Anzahl der ausgegebenen Scheine genau begrenzt wird. Wer einen oder auch mehrere Genusscheine \"zeichnet\", leiht uns deren Wert f\u00fcr eine fest vereinbarte Laufzeit. Dieses Geld wird f\u00fcr Investitionen in den Betrieb verwendet.<\/p>\n<h2><img loading=\"lazy\" decoding=\"async\" class=\"\" src=\"https:\/\/www.senzo.de\/wp-content\/uploads\/2023\/04\/Genussschein_Bild.png\" alt=\"\" width=\"483\" height=\"232\" \/><\/h2>\n<p>W\u00e4hrend der Laufzeit haben die Inhaber einmal im Jahr das Recht, das vereinbarte \"Genussrecht\u201c in Anspruch zu nehmen - also kostenfrei Waren aus unserem Sortiment zu beziehen. Nach dem Ende der Laufzeit erhalten die Inhaber ihre Investition in voller H\u00f6he zur\u00fcck. Genussscheine kann man, wie bares Geld auch, verschenken und vererben. Sie verfallen nicht und behalten ihren Wert bis zur R\u00fcckgabe an uns.<\/p>\n<h1>Wie sicher ist das?<\/h1>\n<p>Ein Genussschein stellt eine Investion in ein Unternehmen dar - aber niemand kann mit Sicherheit sagen, ob dieses Unternehmen in f\u00fcnf oder zehn Jahren noch existiert oder wie es sich entwickelt. Jedes Investment, also auch der Genussschein, tr\u00e4gt theoretisch das Risiko des Unternehmens mit - in guten wie in schlechten Zeiten. Dabei liefert die Unternehmensform schon wesent- liche Informationen zu einem m\u00f6glichen Verlustrisiko. SENZO ist keine GmbH SENZO ist ein Einzel- oder Personenunternehmen. Inhaber von Einzelunternehmen haften, im Gegensatz zu einer GmbH, in vollem Umfang pers\u00f6nlich und auch mit ihrem Privatverm\u00f6gen. Sollte also irgendwann der Fall eintreten, dass der Betrieb von SENZO wirtschaftlich nicht mehr m\u00f6glich ist, w\u00fcrde die Gesch\u00e4ftst\u00e4tigkeit eingestellt werden. Aus dem Verkauf von Warenbest\u00e4nden, Ger\u00e4ten - und notfalls mit Privatverm\u00f6gen - m\u00fcssten alle Genussscheine ausgezahlt werden. Zeichner von Genussscheinen erhalten dazu eine private Haftungserkl\u00e4rung sowie regelm\u00e4\u00dfige Berichte zur Unternehmensentwicklung. Wir k\u00f6nnen nicht in die Zukunft sehen, aber f\u00fcr euch, unsere potenziellen \u201eInvestoren\u201c, ist ein Ausfall eurer Einlagen bei SENZO durch die private Haftung sehr unwahrscheinlich.<\/p>\n<h1>Was haben wir vor?<\/h1>\n<p>Wegen der zunehmend gro\u00dfen Backmengen geraten wir langsam an unsere Kapazit\u00e4tsgrenzen. Gleichzeit m\u00fcssen wir f\u00fcr mehr Verbreitung unserer Produkte sorgen. Daf\u00fcr ben\u00f6tigen wir aber neue Technik, um zum Beispiel Br\u00f6tchen in gr\u00f6\u00dferer St\u00fcckzahl - oder endlich auch haltbare Backwaren herstellen zu k\u00f6nnen.<\/p>\n<p>Wichtige Investitionen sind u.a. Schockfroster bzw. Schnellabk\u00fchler, Schneide- und Verpackungstechnik, eine Br\u00f6tchenpresse, Tiefk\u00fchlvitrinen und, wenn die eingesammelte Summe reicht, ein Energie sparender Backofen mit gr\u00f6\u00dferem Backvolumen.<\/p>\n<h1>Wie kann ich mitmachen?<\/h1>\n<p>Wer teilnehmen m\u00f6chte, kann hier ganz einfach ein Formular ausf\u00fcllen - nat\u00fcrlich ist das v\u00f6llig unverbindlich.<\/p>\n<\/div>\n<\/div><\/div><\/div><div id=\"pgc-3896-0-1\"  class=\"panel-grid-cell\" ><div id=\"panel-3896-0-1-0\" class=\"so-panel widget widget_sow-editor panel-first-child panel-last-child\" data-index=\"1\" ><div\n\t\t\t\n\t\t\tclass=\"so-widget-sow-editor so-widget-sow-editor-base\"\n\t\t\t\n\t\t>\n<div class=\"siteorigin-widget-tinymce textwidget\">\n\t<p><img loading=\"lazy\" decoding=\"async\" class=\"alignleft size-full wp-image-5072\" src=\"https:\/\/www.senzo.de\/wp-content\/uploads\/2025\/04\/genussschein_2025.png\" alt=\"\" width=\"1271\" height=\"669\" srcset=\"https:\/\/www.senzo.de\/wp-content\/uploads\/2025\/04\/genussschein_2025.png 1271w, https:\/\/www.senzo.de\/wp-content\/uploads\/2025\/04\/genussschein_2025-300x158.png 300w, https:\/\/www.senzo.de\/wp-content\/uploads\/2025\/04\/genussschein_2025-1024x539.png 1024w, https:\/\/www.senzo.de\/wp-content\/uploads\/2025\/04\/genussschein_2025-768x404.png 768w\" sizes=\"auto, (max-width: 1271px) 100vw, 1271px\" \/><\/p>\n<\/div>\n<\/div><\/div><\/div><\/div><div id=\"pg-3896-1\"  class=\"panel-grid panel-no-style\" ><div id=\"pgc-3896-1-0\"  class=\"panel-grid-cell\" ><div id=\"panel-3896-1-0-0\" class=\"so-panel widget widget_sow-editor panel-first-child panel-last-child\" data-index=\"2\" ><div\n\t\t\t\n\t\t\tclass=\"so-widget-sow-editor so-widget-sow-editor-base\"\n\t\t\t\n\t\t>\n<div class=\"siteorigin-widget-tinymce textwidget\">\n\t<h2>Wir haben Interesse am SENZO-Genussschein:<\/h2>\n<\/div>\n<\/div><\/div><\/div><div id=\"pgc-3896-1-1\"  class=\"panel-grid-cell\" ><div id=\"panel-3896-1-1-0\" class=\"so-panel widget widget_sow-contact-form panel-first-child panel-last-child\" data-index=\"3\" ><div\n\t\t\t\n\t\t\tclass=\"so-widget-sow-contact-form so-widget-sow-contact-form-default-eaf9eec5467d-3896\"\n\t\t\t\n\t\t>\t<form\n\t\taction=\"\/index.php?rest_route=%2Fwp%2Fv2%2Fpages%2F3896\"\n\t\tmethod=\"POST\"\n\t\tclass=\"sow-contact-form\"\n\t\tid=\"contact-form-9553\"\n\t>\n\n\t\t\n\t\t\t\t\t<div class=\"sow-form-field sow-form-field-text\">\n\t\t\t\t\t\t\t\t<div class=\"sow-field-container\">\n\t\t\t\t\t\t\t<input\n\t\t\ttype=\"text\"\n\t\t\tname=\"ihr-name-1\"\n\t\t\tid=\"sow-contact-form-field-ihr-name-1\"\n\t\t\tvalue=\"\"\n\t\t\tclass=\"sow-text-field\"placeholder=\"Ihr Name\"\t\t\taria-describedby=\"sow-contact-form-field-ihr-name-1-description\" \t\t\t\t\t\/>\n\t\t\t\t\t\t\t\t<div\n\t\t\t\t\t\t\tclass=\"sow-form-field-description\"\n\t\t\t\t\t\t\tid=\"sow-contact-form-field-ihr-name-1-description\"\n\t\t\t\t\t\t>\n\t\t\t\t\t\t\tBitte geben Sie Ihren Namen an.\t\t\t\t\t\t<\/div>\n\t\t\t\t\t\t\t\t\t\t<\/div>\n\t\t\t\t\t\t\t<\/div>\n\t\t\t\t\t\t<div class=\"sow-form-field sow-form-field-tel\">\n\t\t\t\t\t\t\t\t<div class=\"sow-field-container\">\n\t\t\t\t\t\t\t<input\n\t\t\ttype=\"tel\"\n\t\t\tname=\"telefon-1\"\n\t\t\tid=\"sow-contact-form-field-telefon-1\"\n\t\t\tvalue=\"\"\n\t\t\tclass=\"sow-text-field\"placeholder=\"Telefon\"\t\t\taria-describedby=\"sow-contact-form-field-telefon-1-description\" \t\t\t\t\t\/>\n\t\t\t\t\t\t\t\t<div\n\t\t\t\t\t\t\tclass=\"sow-form-field-description\"\n\t\t\t\t\t\t\tid=\"sow-contact-form-field-telefon-1-description\"\n\t\t\t\t\t\t>\n\t\t\t\t\t\t\tEine g\u00fcltige Telefonnummer\t\t\t\t\t\t<\/div>\n\t\t\t\t\t\t\t\t\t\t<\/div>\n\t\t\t\t\t\t\t<\/div>\n\t\t\t\t\t\t<div class=\"sow-form-field sow-form-field-text\">\n\t\t\t\t\t\t\t\t<div class=\"sow-field-container\">\n\t\t\t\t\t\t\t<input\n\t\t\ttype=\"text\"\n\t\t\tname=\"e-mail-1\"\n\t\t\tid=\"sow-contact-form-field-e-mail-1\"\n\t\t\tvalue=\"\"\n\t\t\tclass=\"sow-text-field\"placeholder=\"E-Mail\"\t\t\t\t\t\t\t\t\/>\n\t\t\t\t\t\t<\/div>\n\t\t\t\t\t\t\t<\/div>\n\t\t\t\t\t\t<div class=\"sow-form-field sow-form-field-textarea\">\n\t\t\t\t\t\t\t\t<div class=\"sow-field-container\">\n\t\t\t\t\t\t\t<textarea\n\t\t\tname=\"nachricht-1\"\n\t\t\tid=\"sow-contact-form-field-nachricht-1\"\n\t\t\trows=\"10\"\n\t\t\tplaceholder=\"Nachricht\"\t\t\taria-describedby=\"sow-contact-form-field-nachricht-1-description\" \t\t><\/textarea>\n\t\t\t\t\t\t\t\t<div\n\t\t\t\t\t\t\tclass=\"sow-form-field-description\"\n\t\t\t\t\t\t\tid=\"sow-contact-form-field-nachricht-1-description\"\n\t\t\t\t\t\t>\n\t\t\t\t\t\t\tM\u00f6chten Sie uns noch weitere Informationen zukommen lassen?\t\t\t\t\t\t<\/div>\n\t\t\t\t\t\t\t\t\t\t<\/div>\n\t\t\t\t\t\t\t<\/div>\n\t\t\t\t\t\t<div class=\"sow-form-field sow-form-field-text\">\n\t\t\t\t\t\t\t\t<div class=\"sow-field-container\">\n\t\t\t\t\t\t\t<input\n\t\t\ttype=\"text\"\n\t\t\tname=\"anzahl-1\"\n\t\t\tid=\"sow-contact-form-field-anzahl-1\"\n\t\t\tvalue=\"\"\n\t\t\tclass=\"sow-text-field\"placeholder=\"Anzahl\"\t\t\taria-describedby=\"sow-contact-form-field-anzahl-1-description\" \t\t\t\t\t\/>\n\t\t\t\t\t\t\t\t<div\n\t\t\t\t\t\t\tclass=\"sow-form-field-description\"\n\t\t\t\t\t\t\tid=\"sow-contact-form-field-anzahl-1-description\"\n\t\t\t\t\t\t>\n\t\t\t\t\t\t\tWieviele Genussscheine k\u00f6nnten Sie sich vorstellen, zu erwerben?\t\t\t\t\t\t<\/div>\n\t\t\t\t\t\t\t\t\t\t<\/div>\n\t\t\t\t\t\t\t<\/div>\n\t\t\t\t\t\t<div class=\"sow-form-field sow-form-field-text\">\n\t\t\t\t\t\t\t\t<div class=\"sow-field-container\">\n\t\t\t\t\t\t\t<input\n\t\t\ttype=\"text\"\n\t\t\tname=\"ihre-anschrift-1\"\n\t\t\tid=\"sow-contact-form-field-ihre-anschrift-1\"\n\t\t\tvalue=\"\"\n\t\t\tclass=\"sow-text-field\"placeholder=\"Ihre Anschrift\"\t\t\t\t\t\t\t\t\/>\n\t\t\t\t\t\t<\/div>\n\t\t\t\t\t\t\t<\/div>\n\t\t\t\n\t\t\n\t\t<div class=\"sow-submit-wrapper \n\t\tsow-submit-styled\t\t\">\n\n\t\t\t<button\n\t\t\t\ttype=\"submit\"\n\t\t\t\tclass=\"sow-submit\n\t\t\t\t\t\t\t\t\"\n\t\t\t\t\t\t\t>\n\t\t\t\tSenden\t\t\t<\/button>\n\t\t<\/div>\n\t\t\t\t<input\n\t\t\ttype=\"hidden\"\n\t\t\tname=\"instance_hash-1\"\n\t\t\tvalue=\"955312d6\"\n\t\t\/>\n\n\t\t<input type=\"hidden\" id=\"_wpnonce\" name=\"_wpnonce\" value=\"5e265c5da5\" \/><input type=\"hidden\" name=\"_wp_http_referer\" value=\"\/index.php?rest_route=%2Fwp%2Fv2%2Fpages%2F3896\" \/>\t<\/form>\n\t<\/div><\/div><\/div><\/div><\/div>","protected":false},"excerpt":{"rendered":"<p>Was ist ein Genussschein? Ein Genussschein ist eine Investition in eine Firma oder ein Unternehmen &#8211; \u00e4hnlich einer Aktie. Als &#8222;Zins&#8220; f\u00fcr die Einlage gibt&hellip;<\/p>\n","protected":false},"author":1,"featured_media":0,"parent":0,"menu_order":0,"comment_status":"closed","ping_status":"closed","template":"","meta":{"footnotes":""},"class_list":["post-3896","page","type-page","status-publish","hentry"],"_links":{"self":[{"href":"https:\/\/www.senzo.de\/index.php?rest_route=\/wp\/v2\/pages\/3896","targetHints":{"allow":["GET"]}}],"collection":[{"href":"https:\/\/www.senzo.de\/index.php?rest_route=\/wp\/v2\/pages"}],"about":[{"href":"https:\/\/www.senzo.de\/index.php?rest_route=\/wp\/v2\/types\/page"}],"author":[{"embeddable":true,"href":"https:\/\/www.senzo.de\/index.php?rest_route=\/wp\/v2\/users\/1"}],"replies":[{"embeddable":true,"href":"https:\/\/www.senzo.de\/index.php?rest_route=%2Fwp%2Fv2%2Fcomments&post=3896"}],"version-history":[{"count":85,"href":"https:\/\/www.senzo.de\/index.php?rest_route=\/wp\/v2\/pages\/3896\/revisions"}],"predecessor-version":[{"id":5980,"href":"https:\/\/www.senzo.de\/index.php?rest_route=\/wp\/v2\/pages\/3896\/revisions\/5980"}],"wp:attachment":[{"href":"https:\/\/www.senzo.de\/index.php?rest_route=%2Fwp%2Fv2%2Fmedia&parent=3896"}],"curies":[{"name":"wp","href":"https:\/\/api.w.org\/{rel}","templated":true}]}}