{"id":53,"date":"2018-10-22T11:36:50","date_gmt":"2018-10-22T09:36:50","guid":{"rendered":"http:\/\/senzo.eu\/?page_id=53"},"modified":"2026-04-07T21:33:57","modified_gmt":"2026-04-07T19:33:57","slug":"willkommen","status":"publish","type":"page","link":"https:\/\/www.senzo.de\/","title":{"rendered":"&#8211; Willkommen bei SENZO glutenfrei &#8211;"},"content":{"rendered":"<div id=\"pl-53\"  class=\"panel-layout\" ><div id=\"pg-53-0\"  class=\"panel-grid panel-no-style\" ><div id=\"pgc-53-0-0\"  class=\"panel-grid-cell\" ><div class=\"panel-cell-style panel-cell-style-for-53-0-0\" ><div id=\"panel-53-0-0-0\" class=\"so-panel widget widget_sow-editor panel-first-child panel-last-child\" data-index=\"0\" ><div\n\t\t\t\n\t\t\tclass=\"so-widget-sow-editor so-widget-sow-editor-base\"\n\t\t\t\n\t\t>\n<div class=\"siteorigin-widget-tinymce textwidget\">\n\t<h1>Willkommen bei <span style=\"color: #c22748;\">SENZO<\/span><\/h1>\n<p><st-1>Unser Gesch\u00e4ft ist einzigartig in Deutschland<\/st-1> - mit eigener Backstube, Caf\u00e9 und Pizzeria. Wir f\u00fchren ein gro\u00dfes Sortiment bekannter und unbekannter Lebensmittel aus aller Welt - nat\u00fcrlich alles glutenfrei!<\/p>\n<p>Bei uns wird t\u00e4glich (siehe \u00d6ffnungszeiten) ausschlie\u00dflich glutenfrei gebacken: Frisches Brot, Br\u00f6tchen, Croissants, Laugengeb\u00e4ck, Franzbr\u00f6tchen, Kuchen und vieles mehr.<a href=\"https:\/\/www.senzo.de\/die-senzo-story\/\"> \u279e Mehr erfahren<\/a><\/p>\n<\/div>\n<\/div><\/div><\/div><\/div><div id=\"pgc-53-0-1\"  class=\"panel-grid-cell\" ><div id=\"panel-53-0-1-0\" class=\"so-panel widget widget_sow-editor panel-first-child panel-last-child\" data-index=\"1\" ><div\n\t\t\t\n\t\t\tclass=\"so-widget-sow-editor so-widget-sow-editor-base\"\n\t\t\t\n\t\t>\n<div class=\"siteorigin-widget-tinymce textwidget\">\n\t<p><img loading=\"lazy\" decoding=\"async\" class=\"alignleft size-full wp-image-4792\" src=\"https:\/\/www.senzo.de\/wp-content\/uploads\/2024\/01\/raster_foto_weiss-e1744197003960.jpg\" alt=\"\" width=\"1430\" height=\"1470\" srcset=\"https:\/\/www.senzo.de\/wp-content\/uploads\/2024\/01\/raster_foto_weiss-e1744197003960.jpg 1430w, https:\/\/www.senzo.de\/wp-content\/uploads\/2024\/01\/raster_foto_weiss-e1744197003960-292x300.jpg 292w, https:\/\/www.senzo.de\/wp-content\/uploads\/2024\/01\/raster_foto_weiss-e1744197003960-996x1024.jpg 996w, https:\/\/www.senzo.de\/wp-content\/uploads\/2024\/01\/raster_foto_weiss-e1744197003960-768x789.jpg 768w\" sizes=\"auto, (max-width: 1430px) 100vw, 1430px\" \/><\/p>\n<\/div>\n<\/div><\/div><\/div><\/div><div id=\"pg-53-1\"  class=\"panel-grid panel-no-style\" ><div id=\"pgc-53-1-0\"  class=\"panel-grid-cell\" ><div class=\"panel-cell-style panel-cell-style-for-53-1-0\" ><div id=\"panel-53-1-0-0\" class=\"so-panel widget widget_sow-editor panel-first-child panel-last-child\" data-index=\"2\" ><div\n\t\t\t\n\t\t\tclass=\"so-widget-sow-editor so-widget-sow-editor-base\"\n\t\t\t\n\t\t>\n<div class=\"siteorigin-widget-tinymce textwidget\">\n\t<h1>bestellt <span style=\"font-size: 24pt;\">&amp;<\/span> <span style=\"color: #c22748;\">frisch gebacken<\/span><\/h1>\n<p>Sie k\u00f6nnen unsere Frischbackwaren bestellen.\u00a0Die Bestellung mussbis\u00a0sp\u00e4testens\u00a010 Uhr des Vortages eingehen - sp\u00e4ter eingehende Bestellungen k\u00f6nnen nicht mehr bearbeitet werden.Bitte unbedingt beachten:\u00a0Die Abholung bestellter Waren ist erst\u00a0ab 9 Uhr\u00a0m\u00f6glich, auch wenn wir unsere T\u00fcren bereits um 8 Uhr \u00f6ffnen.<\/p>\n<p>Versandbestellungen\u00a0m\u00fcssen bereits bis\u00a0Montag 11 Uhr\u00a0eingehen, der Versand erfolgt ausschlie\u00dflich Mittwochs.<\/p>\n<table class=\" aligncenter\" style=\"width: 100%; border-collapse: collapse; border-style: none;\" border=\"0\">\n<tbody>\n<tr>\n<td style=\"width: 291px;\"><a href=\"https:\/\/www.senzo.de\/order\/\"><img loading=\"lazy\" decoding=\"async\" class=\"aligncenter\" src=\"https:\/\/www.senzo.de\/wp-content\/uploads\/2023\/10\/waren_comic_contur-1-e1698769409256.png\" alt=\"\" width=\"131\" height=\"96\" \/><\/a><\/td>\n<td style=\"width: 291px;\"><a href=\"https:\/\/www.senzo.de\/bestellung-versand\/\"><img loading=\"lazy\" decoding=\"async\" class=\"aligncenter\" src=\"https:\/\/www.senzo.de\/wp-content\/uploads\/2023\/10\/versand_comic_contur-e1698769507540.png\" alt=\"\" width=\"96\" height=\"85\" \/><\/a><\/td>\n<\/tr>\n<tr>\n<td style=\"text-align: center; width: 291px;\"><span style=\"font-size: 12pt;\">Abholung<\/span><\/td>\n<td style=\"text-align: center; width: 291px;\"><span style=\"font-size: 12pt;\"><a href=\"https:\/\/www.senzo.de\/bestellung-versand\/\">Versand <\/a>(aktuell ausgesetzt)<\/span><\/td>\n<\/tr>\n<\/tbody>\n<\/table>\n<\/div>\n<\/div><\/div><\/div><\/div><\/div><div id=\"pg-53-2\"  class=\"panel-grid panel-has-style\" ><div class=\"panel-row-style panel-row-style-for-53-2\" ><div id=\"pgc-53-2-0\"  class=\"panel-grid-cell\" ><div id=\"panel-53-2-0-0\" class=\"so-panel widget widget_sow-image panel-first-child panel-last-child\" data-index=\"3\" ><div\n\t\t\t\n\t\t\tclass=\"so-widget-sow-image so-widget-sow-image-default-8b5b6f678277-53\"\n\t\t\t\n\t\t>\n<div class=\"sow-image-container\">\n\t\t<img \n\tsrc=\"https:\/\/www.senzo.de\/wp-content\/uploads\/2026\/03\/schaer_TK_2.jpg\" width=\"1300\" height=\"1300\" srcset=\"https:\/\/www.senzo.de\/wp-content\/uploads\/2026\/03\/schaer_TK_2.jpg 1300w, https:\/\/www.senzo.de\/wp-content\/uploads\/2026\/03\/schaer_TK_2-300x300.jpg 300w, https:\/\/www.senzo.de\/wp-content\/uploads\/2026\/03\/schaer_TK_2-1024x1024.jpg 1024w, https:\/\/www.senzo.de\/wp-content\/uploads\/2026\/03\/schaer_TK_2-150x150.jpg 150w, https:\/\/www.senzo.de\/wp-content\/uploads\/2026\/03\/schaer_TK_2-768x768.jpg 768w\" sizes=\"(max-width: 1300px) 100vw, 1300px\" alt=\"\" \t\tclass=\"so-widget-image\"\/>\n\t<\/div>\n\n<\/div><\/div><\/div><\/div><\/div><\/div>","protected":false},"excerpt":{"rendered":"<p>Willkommen bei SENZO Unser Gesch\u00e4ft ist einzigartig in Deutschland &#8211; mit eigener Backstube, Caf\u00e9 und Pizzeria. Wir f\u00fchren ein gro\u00dfes Sortiment bekannter und unbekannter Lebensmittel&hellip;<\/p>\n","protected":false},"author":1,"featured_media":0,"parent":0,"menu_order":0,"comment_status":"closed","ping_status":"closed","template":"","meta":{"footnotes":""},"class_list":["post-53","page","type-page","status-publish","hentry"],"_links":{"self":[{"href":"https:\/\/www.senzo.de\/index.php?rest_route=\/wp\/v2\/pages\/53","targetHints":{"allow":["GET"]}}],"collection":[{"href":"https:\/\/www.senzo.de\/index.php?rest_route=\/wp\/v2\/pages"}],"about":[{"href":"https:\/\/www.senzo.de\/index.php?rest_route=\/wp\/v2\/types\/page"}],"author":[{"embeddable":true,"href":"https:\/\/www.senzo.de\/index.php?rest_route=\/wp\/v2\/users\/1"}],"replies":[{"embeddable":true,"href":"https:\/\/www.senzo.de\/index.php?rest_route=%2Fwp%2Fv2%2Fcomments&post=53"}],"version-history":[{"count":2526,"href":"https:\/\/www.senzo.de\/index.php?rest_route=\/wp\/v2\/pages\/53\/revisions"}],"predecessor-version":[{"id":6514,"href":"https:\/\/www.senzo.de\/index.php?rest_route=\/wp\/v2\/pages\/53\/revisions\/6514"}],"wp:attachment":[{"href":"https:\/\/www.senzo.de\/index.php?rest_route=%2Fwp%2Fv2%2Fmedia&parent=53"}],"curies":[{"name":"wp","href":"https:\/\/api.w.org\/{rel}","templated":true}]}}